{"id":224,"date":"2021-05-04T11:45:36","date_gmt":"2021-05-04T10:45:36","guid":{"rendered":"http:\/\/localhost\/demo02\/?page_id=224"},"modified":"2021-05-26T15:15:29","modified_gmt":"2021-05-26T14:15:29","slug":"help-to-buy-valuation","status":"publish","type":"page","link":"https:\/\/springboardvaluations.co.uk\/pt\/help-to-buy-valuation\/","title":{"rendered":"Help to Buy Valuation"},"content":{"rendered":"<div data-elementor-type=\"wp-page\" data-elementor-id=\"224\" class=\"elementor elementor-224\" data-elementor-post-type=\"page\">\n\t\t\t\t\t\t<section class=\"elementor-section elementor-top-section elementor-element elementor-element-54bd7fed elementor-section-full_width elementor-section-height-default elementor-section-height-default\" data-id=\"54bd7fed\" data-element_type=\"section\" data-settings=\"{&quot;background_background&quot;:&quot;classic&quot;}\">\n\t\t\t\t\t\t\t<div class=\"elementor-background-overlay\"><\/div>\n\t\t\t\t\t\t\t<div class=\"elementor-container elementor-column-gap-default\">\n\t\t\t\t\t<div class=\"elementor-column elementor-col-100 elementor-top-column elementor-element elementor-element-4ad0829a\" data-id=\"4ad0829a\" data-element_type=\"column\">\n\t\t\t<div class=\"elementor-widget-wrap elementor-element-populated\">\n\t\t\t\t\t\t<div class=\"elementor-element elementor-element-6da1f972 eael-dual-header-content-align-center elementor-widget elementor-widget-eael-dual-color-header\" data-id=\"6da1f972\" data-element_type=\"widget\" data-widget_type=\"eael-dual-color-header.default\">\n\t\t\t\t<div class=\"elementor-widget-container\">\n\t\t\t\t\t\t\t\t<div class=\"eael-dual-header\">\n\t\t\t\t<h2 class=\"title eael-dch-title\"><span class=\"eael-dch-title-text eael-dch-title-lead lead solid-color\">Shared Ownership &amp; <\/span> <span class=\"eael-dch-title-text\">ajuda para comprar<\/span><\/h2><div class=\"eael-dch-separator-wrap\"><span class=\"separator-one\"><\/span>\n\t\t\t<span class=\"separator-two\"><\/span><\/div>\t\t\t\t\t<span class=\"subtext\"><p>Para quem procura entrar no mercado com pre\u00e7os acess\u00edveis<\/p><\/span>\n\t\t\t\t\t\t\t<\/div>\n\n\t\t\t\t\t\t<\/div>\n\t\t\t\t<\/div>\n\t\t\t\t\t<\/div>\n\t\t<\/div>\n\t\t\t\t\t<\/div>\n\t\t<\/section>\n\t\t\t\t<section class=\"elementor-section elementor-top-section elementor-element elementor-element-7cfc3068 elementor-section-content-middle elementor-section-boxed elementor-section-height-default elementor-section-height-default\" data-id=\"7cfc3068\" data-element_type=\"section\">\n\t\t\t\t\t\t<div class=\"elementor-container elementor-column-gap-no\">\n\t\t\t\t\t<div class=\"elementor-column elementor-col-50 elementor-top-column elementor-element elementor-element-3f076837\" data-id=\"3f076837\" data-element_type=\"column\">\n\t\t\t<div class=\"elementor-widget-wrap elementor-element-populated\">\n\t\t\t\t\t\t<div class=\"elementor-element elementor-element-28e41aa6 elementor-widget elementor-widget-heading\" data-id=\"28e41aa6\" data-element_type=\"widget\" data-widget_type=\"heading.default\">\n\t\t\t\t<div class=\"elementor-widget-container\">\n\t\t\t\t\t<h6 class=\"elementor-heading-title elementor-size-default\">Propriedade compartilhada<\/h6>\t\t\t\t<\/div>\n\t\t\t\t<\/div>\n\t\t\t\t<div class=\"elementor-element elementor-element-1d768f53 elementor-widget elementor-widget-text-editor\" data-id=\"1d768f53\" data-element_type=\"widget\" data-widget_type=\"text-editor.default\">\n\t\t\t\t<div class=\"elementor-widget-container\">\n\t\t\t\t\t\t\t\t\t<p>As avalia\u00e7\u00f5es de propriedade compartilhada s\u00e3o conduzidas para fornecer uma avalia\u00e7\u00e3o independente e imparcial do valor de mercado de uma propriedade compartilhada. Esta avalia\u00e7\u00e3o deve ser realizada por um avaliador registrado no RICS. Ele avalia o valor total da propriedade antes de determinar a divis\u00e3o percentual, geralmente entre associa\u00e7\u00f5es de habita\u00e7\u00e3o e propriet\u00e1rios.<\/p><p>\u00a0<\/p><p>Nossos avaliadores est\u00e3o familiarizados com as regras, regulamentos e requisitos da associa\u00e7\u00e3o de moradias em rela\u00e7\u00e3o ao processo de avalia\u00e7\u00e3o e realizar\u00e3o a avalia\u00e7\u00e3o de acordo com os padr\u00f5es do Livro Vermelho da RICS. Um relat\u00f3rio detalhado ser\u00e1 produzido usando um banco de dados abrangente de evid\u00eancias compar\u00e1veis.<\/p><p>\u00a0<\/p><p>Esta avalia\u00e7\u00e3o \u00e9 normalmente v\u00e1lida por tr\u00eas meses. No entanto, se voc\u00ea precisar estender este per\u00edodo, podemos realizar uma avalia\u00e7\u00e3o em desktop remoto por 50% do valor normal.<\/p>\t\t\t\t\t\t\t\t<\/div>\n\t\t\t\t<\/div>\n\t\t\t\t<div class=\"elementor-element elementor-element-5ab8199a elementor-widget elementor-widget-heading\" data-id=\"5ab8199a\" data-element_type=\"widget\" data-widget_type=\"heading.default\">\n\t\t\t\t<div class=\"elementor-widget-container\">\n\t\t\t\t\t<h6 class=\"elementor-heading-title elementor-size-default\">Ajuda para comprar (Help to Buy)<\/h6>\t\t\t\t<\/div>\n\t\t\t\t<\/div>\n\t\t\t\t<div class=\"elementor-element elementor-element-d1f7bcb elementor-widget elementor-widget-text-editor\" data-id=\"d1f7bcb\" data-element_type=\"widget\" data-widget_type=\"text-editor.default\">\n\t\t\t\t<div class=\"elementor-widget-container\">\n\t\t\t\t\t\t\t\t\t<p>'Help to Buy' \u00e9 um programa introduzido pelo governo com o objetivo de tornar mais f\u00e1cil para os compradores de primeira viagem comprarem sua primeira casa. Nesse esquema, o governo empresta aos compradores de casas at\u00e9 40% do custo do im\u00f3vel. Dessa forma, o comprador s\u00f3 precisa pagar uma pequena quantia acess\u00edvel. Esta avalia\u00e7\u00e3o \u00e9 normalmente v\u00e1lida por tr\u00eas meses. No entanto, se voc\u00ea precisar estender este per\u00edodo, podemos realizar uma avalia\u00e7\u00e3o em desktop remoto por 50% do valor normal.<\/p><p><strong>Quando preciso de uma avalia\u00e7\u00e3o do 'Help to Buy'?<\/strong><\/p><p>Esta avalia\u00e7\u00e3o \u00e9 necess\u00e1ria ao vender uma casa comprada atrav\u00e9s do 'Help to Buy', ou se voc\u00ea pretende comprar de volta a totalidade ou parte da participa\u00e7\u00e3o da 'Help to Buy' na propriedade.<\/p><p>Fornecemos relat\u00f3rios de avalia\u00e7\u00e3o que atendem totalmente aos requisitos do provedor de empr\u00e9stimos. As condi\u00e7\u00f5es que devem ser cumpridas ao realizar as avalia\u00e7\u00f5es Help to Buy s\u00e3o definidas abaixo:<\/p>\t\t\t\t\t\t\t\t<\/div>\n\t\t\t\t<\/div>\n\t\t\t\t<div class=\"elementor-element elementor-element-35ab0de elementor-icon-list--layout-traditional elementor-list-item-link-full_width elementor-widget elementor-widget-icon-list\" data-id=\"35ab0de\" data-element_type=\"widget\" data-widget_type=\"icon-list.default\">\n\t\t\t\t<div class=\"elementor-widget-container\">\n\t\t\t\t\t\t\t<ul class=\"elementor-icon-list-items\">\n\t\t\t\t\t\t\t<li class=\"elementor-icon-list-item\">\n\t\t\t\t\t\t\t\t\t\t\t<span class=\"elementor-icon-list-icon\">\n\t\t\t\t\t\t\t<i aria-hidden=\"true\" class=\"fas fa-dot-circle\"><\/i>\t\t\t\t\t\t<\/span>\n\t\t\t\t\t\t\t\t\t\t<span class=\"elementor-icon-list-text\">A avalia\u00e7\u00e3o deve ser realizada por um avaliador registrado na RICS<\/span>\n\t\t\t\t\t\t\t\t\t<\/li>\n\t\t\t\t\t\t\t\t<li class=\"elementor-icon-list-item\">\n\t\t\t\t\t\t\t\t\t\t\t<span class=\"elementor-icon-list-icon\">\n\t\t\t\t\t\t\t<i aria-hidden=\"true\" class=\"fas fa-dot-circle\"><\/i>\t\t\t\t\t\t<\/span>\n\t\t\t\t\t\t\t\t\t\t<span class=\"elementor-icon-list-text\">O avaliador deve ser independente de um agente imobili\u00e1rio<\/span>\n\t\t\t\t\t\t\t\t\t<\/li>\n\t\t\t\t\t\t\t\t<li class=\"elementor-icon-list-item\">\n\t\t\t\t\t\t\t\t\t\t\t<span class=\"elementor-icon-list-icon\">\n\t\t\t\t\t\t\t<i aria-hidden=\"true\" class=\"fas fa-dot-circle\"><\/i>\t\t\t\t\t\t<\/span>\n\t\t\t\t\t\t\t\t\t\t<span class=\"elementor-icon-list-text\">O laudo de avalia\u00e7\u00e3o deve ser em papel timbrado e assinado por um agrimensor registrado<\/span>\n\t\t\t\t\t\t\t\t\t<\/li>\n\t\t\t\t\t\t\t\t<li class=\"elementor-icon-list-item\">\n\t\t\t\t\t\t\t\t\t\t\t<span class=\"elementor-icon-list-icon\">\n\t\t\t\t\t\t\t<i aria-hidden=\"true\" class=\"fas fa-dot-circle\"><\/i>\t\t\t\t\t\t<\/span>\n\t\t\t\t\t\t\t\t\t\t<span class=\"elementor-icon-list-text\">O avaliador deve fornecer pelo menos tr\u00eas propriedades compar\u00e1veis \u200b\u200be pre\u00e7os de venda<\/span>\n\t\t\t\t\t\t\t\t\t<\/li>\n\t\t\t\t\t\t\t\t<li class=\"elementor-icon-list-item\">\n\t\t\t\t\t\t\t\t\t\t\t<span class=\"elementor-icon-list-icon\">\n\t\t\t\t\t\t\t<i aria-hidden=\"true\" class=\"fas fa-dot-circle\"><\/i>\t\t\t\t\t\t<\/span>\n\t\t\t\t\t\t\t\t\t\t<span class=\"elementor-icon-list-text\">Essas tr\u00eas propriedades compar\u00e1veis \u200b\u200bdevem ser semelhantes em termos de idade, tamanho e tipo, e tamb\u00e9m estar dentro de um raio de 2 milhas da propriedade sendo avaliada<\/span>\n\t\t\t\t\t\t\t\t\t<\/li>\n\t\t\t\t\t\t\t\t<li class=\"elementor-icon-list-item\">\n\t\t\t\t\t\t\t\t\t\t\t<span class=\"elementor-icon-list-icon\">\n\t\t\t\t\t\t\t<i aria-hidden=\"true\" class=\"fas fa-dot-circle\"><\/i>\t\t\t\t\t\t<\/span>\n\t\t\t\t\t\t\t\t\t\t<span class=\"elementor-icon-list-text\">O avaliador n\u00e3o deve ser de nenhuma forma relacionado ou conhecido pelo cliente<\/span>\n\t\t\t\t\t\t\t\t\t<\/li>\n\t\t\t\t\t\t\t\t<li class=\"elementor-icon-list-item\">\n\t\t\t\t\t\t\t\t\t\t\t<span class=\"elementor-icon-list-icon\">\n\t\t\t\t\t\t\t<i aria-hidden=\"true\" class=\"fas fa-dot-circle\"><\/i>\t\t\t\t\t\t<\/span>\n\t\t\t\t\t\t\t\t\t\t<span class=\"elementor-icon-list-text\">O avaliador deve inspecionar o interior da propriedade e fornecer um relat\u00f3rio de avalia\u00e7\u00e3o completo<\/span>\n\t\t\t\t\t\t\t\t\t<\/li>\n\t\t\t\t\t\t<\/ul>\n\t\t\t\t\t\t<\/div>\n\t\t\t\t<\/div>\n\t\t\t\t<div class=\"elementor-element elementor-element-70abd00e elementor-widget elementor-widget-button\" data-id=\"70abd00e\" data-element_type=\"widget\" data-widget_type=\"button.default\">\n\t\t\t\t<div class=\"elementor-widget-container\">\n\t\t\t\t\t\t\t\t\t<div class=\"elementor-button-wrapper\">\n\t\t\t\t\t<a class=\"elementor-button elementor-button-link elementor-size-sm elementor-animation-grow\" href=\"#contact\">\n\t\t\t\t\t\t<span class=\"elementor-button-content-wrapper\">\n\t\t\t\t\t\t\t\t\t<span class=\"elementor-button-text\">Agende agora<\/span>\n\t\t\t\t\t<\/span>\n\t\t\t\t\t<\/a>\n\t\t\t\t<\/div>\n\t\t\t\t\t\t\t\t<\/div>\n\t\t\t\t<\/div>\n\t\t\t\t\t<\/div>\n\t\t<\/div>\n\t\t\t\t<div class=\"elementor-column elementor-col-50 elementor-top-column elementor-element elementor-element-43b075d4 elementor-invisible\" data-id=\"43b075d4\" data-element_type=\"column\" data-settings=\"{&quot;animation&quot;:&quot;fadeInRight&quot;}\">\n\t\t\t<div class=\"elementor-widget-wrap elementor-element-populated\">\n\t\t\t\t\t\t<div class=\"elementor-element elementor-element-4c706941 elementor-widget elementor-widget-image\" data-id=\"4c706941\" data-element_type=\"widget\" data-widget_type=\"image.default\">\n\t\t\t\t<div class=\"elementor-widget-container\">\n\t\t\t\t\t\t\t\t\t\t\t\t\t\t\t<img fetchpriority=\"high\" decoding=\"async\" width=\"1830\" height=\"2440\" src=\"https:\/\/springboardvaluations.co.uk\/wp-content\/uploads\/2021\/05\/0-hiveboxx-FwdWO5yEo5s-unsplash.jpg\" class=\"attachment-full size-full wp-image-309\" alt=\"\" srcset=\"https:\/\/springboardvaluations.co.uk\/wp-content\/uploads\/2021\/05\/0-hiveboxx-FwdWO5yEo5s-unsplash.jpg 1830w, https:\/\/springboardvaluations.co.uk\/wp-content\/uploads\/2021\/05\/0-hiveboxx-FwdWO5yEo5s-unsplash-225x300.jpg 225w, https:\/\/springboardvaluations.co.uk\/wp-content\/uploads\/2021\/05\/0-hiveboxx-FwdWO5yEo5s-unsplash-768x1024.jpg 768w, https:\/\/springboardvaluations.co.uk\/wp-content\/uploads\/2021\/05\/0-hiveboxx-FwdWO5yEo5s-unsplash-1152x1536.jpg 1152w, https:\/\/springboardvaluations.co.uk\/wp-content\/uploads\/2021\/05\/0-hiveboxx-FwdWO5yEo5s-unsplash-1536x2048.jpg 1536w\" sizes=\"(max-width: 1830px) 100vw, 1830px\" \/>\t\t\t\t\t\t\t\t\t\t\t\t\t\t\t<\/div>\n\t\t\t\t<\/div>\n\t\t\t\t<div class=\"elementor-element elementor-element-2a323fd elementor-widget elementor-widget-text-editor\" data-id=\"2a323fd\" data-element_type=\"widget\" data-widget_type=\"text-editor.default\">\n\t\t\t\t<div class=\"elementor-widget-container\">\n\t\t\t\t\t\t\t\t\t<p><strong>Quanto vai custar?<\/strong><\/p><p>Nossos pre\u00e7os s\u00e3o extremamente competitivos. Todos os valores abaixo incluem as taxas:<\/p>\t\t\t\t\t\t\t\t<\/div>\n\t\t\t\t<\/div>\n\t\t\t\t<div class=\"elementor-element elementor-element-47feba44 elementor-icon-list--layout-traditional elementor-list-item-link-full_width elementor-widget elementor-widget-icon-list\" data-id=\"47feba44\" data-element_type=\"widget\" data-widget_type=\"icon-list.default\">\n\t\t\t\t<div class=\"elementor-widget-container\">\n\t\t\t\t\t\t\t<ul class=\"elementor-icon-list-items\">\n\t\t\t\t\t\t\t<li class=\"elementor-icon-list-item\">\n\t\t\t\t\t\t\t\t\t\t\t<span class=\"elementor-icon-list-icon\">\n\t\t\t\t\t\t\t<i aria-hidden=\"true\" class=\"fas fa-dot-circle\"><\/i>\t\t\t\t\t\t<\/span>\n\t\t\t\t\t\t\t\t\t\t<span class=\"elementor-icon-list-text\">\u00a3285 para uma propriedade de 2 quartos<\/span>\n\t\t\t\t\t\t\t\t\t<\/li>\n\t\t\t\t\t\t\t\t<li class=\"elementor-icon-list-item\">\n\t\t\t\t\t\t\t\t\t\t\t<span class=\"elementor-icon-list-icon\">\n\t\t\t\t\t\t\t<i aria-hidden=\"true\" class=\"fas fa-dot-circle\"><\/i>\t\t\t\t\t\t<\/span>\n\t\t\t\t\t\t\t\t\t\t<span class=\"elementor-icon-list-text\">\u00a3305 para uma propriedade de 3 quartos<\/span>\n\t\t\t\t\t\t\t\t\t<\/li>\n\t\t\t\t\t\t\t\t<li class=\"elementor-icon-list-item\">\n\t\t\t\t\t\t\t\t\t\t\t<span class=\"elementor-icon-list-icon\">\n\t\t\t\t\t\t\t<i aria-hidden=\"true\" class=\"fas fa-dot-circle\"><\/i>\t\t\t\t\t\t<\/span>\n\t\t\t\t\t\t\t\t\t\t<span class=\"elementor-icon-list-text\">\u00a3345 para uma propriedade de 4 quartos<\/span>\n\t\t\t\t\t\t\t\t\t<\/li>\n\t\t\t\t\t\t\t\t<li class=\"elementor-icon-list-item\">\n\t\t\t\t\t\t\t\t\t\t\t<span class=\"elementor-icon-list-icon\">\n\t\t\t\t\t\t\t<i aria-hidden=\"true\" class=\"fas fa-dot-circle\"><\/i>\t\t\t\t\t\t<\/span>\n\t\t\t\t\t\t\t\t\t\t<span class=\"elementor-icon-list-text\">\u00a3375 para uma propriedade de 5 quartos<\/span>\n\t\t\t\t\t\t\t\t\t<\/li>\n\t\t\t\t\t\t<\/ul>\n\t\t\t\t\t\t<\/div>\n\t\t\t\t<\/div>\n\t\t\t\t<div class=\"elementor-element elementor-element-1f060401 elementor-widget elementor-widget-text-editor\" data-id=\"1f060401\" data-element_type=\"widget\" data-widget_type=\"text-editor.default\">\n\t\t\t\t<div class=\"elementor-widget-container\">\n\t\t\t\t\t\t\t\t\t<p>Reserve j\u00e1 a sua avalia\u00e7\u00e3o ao nos ligar. Voc\u00ea tamb\u00e9m pode preencher o formul\u00e1rio online abaixo e entraremos em contato para confirmar a data e hora do seu agendamento. Um de nossos avaliadores qualificados e experientes far\u00e1 uma avalia\u00e7\u00e3o da propriedade e fornecer\u00e1 a voc\u00ea um relat\u00f3rio abrangente e f\u00e1cil de entender.<\/p>\t\t\t\t\t\t\t\t<\/div>\n\t\t\t\t<\/div>\n\t\t\t\t\t<\/div>\n\t\t<\/div>\n\t\t\t\t\t<\/div>\n\t\t<\/section>\n\t\t\t\t<\/div>","protected":false},"excerpt":{"rendered":"<p>Shared Ownership &amp; Help to Buy Valuations For those looking to get onto the property ladder at an affordable price or to staircase. Shared Ownership Shared ownership valuations are conducted to provide an independent and impartial assessment of the market value of a shared ownership property. This valuation must be carried out by a RICS-registered [&hellip;]<\/p>","protected":false},"author":1,"featured_media":0,"parent":0,"menu_order":0,"comment_status":"closed","ping_status":"closed","template":"elementor_header_footer","meta":{"_monsterinsights_skip_tracking":false,"_monsterinsights_sitenote_active":false,"_monsterinsights_sitenote_note":"","_monsterinsights_sitenote_category":0,"footnotes":""},"class_list":["post-224","page","type-page","status-publish","hentry"],"_links":{"self":[{"href":"https:\/\/springboardvaluations.co.uk\/pt\/wp-json\/wp\/v2\/pages\/224","targetHints":{"allow":["GET"]}}],"collection":[{"href":"https:\/\/springboardvaluations.co.uk\/pt\/wp-json\/wp\/v2\/pages"}],"about":[{"href":"https:\/\/springboardvaluations.co.uk\/pt\/wp-json\/wp\/v2\/types\/page"}],"author":[{"embeddable":true,"href":"https:\/\/springboardvaluations.co.uk\/pt\/wp-json\/wp\/v2\/users\/1"}],"replies":[{"embeddable":true,"href":"https:\/\/springboardvaluations.co.uk\/pt\/wp-json\/wp\/v2\/comments?post=224"}],"version-history":[{"count":59,"href":"https:\/\/springboardvaluations.co.uk\/pt\/wp-json\/wp\/v2\/pages\/224\/revisions"}],"predecessor-version":[{"id":1018,"href":"https:\/\/springboardvaluations.co.uk\/pt\/wp-json\/wp\/v2\/pages\/224\/revisions\/1018"}],"wp:attachment":[{"href":"https:\/\/springboardvaluations.co.uk\/pt\/wp-json\/wp\/v2\/media?parent=224"}],"curies":[{"name":"wp","href":"https:\/\/api.w.org\/{rel}","templated":true}]}}