{"id":225,"date":"2021-05-04T11:45:36","date_gmt":"2021-05-04T10:45:36","guid":{"rendered":"http:\/\/localhost\/demo02\/?page_id=225"},"modified":"2023-01-01T19:35:59","modified_gmt":"2023-01-01T19:35:59","slug":"homebuyers-survey","status":"publish","type":"page","link":"https:\/\/springboardvaluations.co.uk\/pt\/homebuyers-survey\/","title":{"rendered":"Pesquisa de compradores de casas"},"content":{"rendered":"<div data-elementor-type=\"wp-page\" data-elementor-id=\"225\" class=\"elementor elementor-225\" data-elementor-post-type=\"page\">\n\t\t\t\t\t\t<section class=\"elementor-section elementor-top-section elementor-element elementor-element-5366f2c6 elementor-section-full_width elementor-section-height-default elementor-section-height-default\" data-id=\"5366f2c6\" data-element_type=\"section\" data-settings=\"{&quot;background_background&quot;:&quot;classic&quot;}\">\n\t\t\t\t\t\t\t<div class=\"elementor-background-overlay\"><\/div>\n\t\t\t\t\t\t\t<div class=\"elementor-container elementor-column-gap-default\">\n\t\t\t\t\t<div class=\"elementor-column elementor-col-100 elementor-top-column elementor-element elementor-element-46117afc\" data-id=\"46117afc\" data-element_type=\"column\">\n\t\t\t<div class=\"elementor-widget-wrap elementor-element-populated\">\n\t\t\t\t\t\t<div class=\"elementor-element elementor-element-45cc88b0 eael-dual-header-content-align-center elementor-widget elementor-widget-eael-dual-color-header\" data-id=\"45cc88b0\" data-element_type=\"widget\" data-widget_type=\"eael-dual-color-header.default\">\n\t\t\t\t<div class=\"elementor-widget-container\">\n\t\t\t\t\t\t\t\t<div class=\"eael-dual-header\">\n\t\t\t\t<h2 class=\"title eael-dch-title\"><span class=\"eael-dch-title-text eael-dch-title-lead lead solid-color\">homebuyers<\/span> <span class=\"eael-dch-title-text\">survey<\/span><\/h2><div class=\"eael-dch-separator-wrap\"><span class=\"separator-one\"><\/span>\n\t\t\t<span class=\"separator-two\"><\/span><\/div>\t\t\t\t\t<span class=\"subtext\">Uma pesquisa do comprador de uma casa \u00e9 realizada para ajud\u00e1-lo a tomar uma decis\u00e3o bem informada sobre uma propriedade que voc\u00ea est\u00e1 procurando comprar.\n<br>Ajuda voc\u00ea a avaliar se estar\u00e1 pagando um pre\u00e7o justo. Tamb\u00e9m pode minimizar o risco de quaisquer problemas inesperados e custos que possam surgir no futuro.<\/span>\n\t\t\t\t\t\t\t<\/div>\n\n\t\t\t\t\t\t<\/div>\n\t\t\t\t<\/div>\n\t\t\t\t\t<\/div>\n\t\t<\/div>\n\t\t\t\t\t<\/div>\n\t\t<\/section>\n\t\t\t\t<section class=\"elementor-section elementor-top-section elementor-element elementor-element-9051a6e elementor-section-content-middle elementor-reverse-mobile elementor-reverse-tablet elementor-section-boxed elementor-section-height-default elementor-section-height-default\" data-id=\"9051a6e\" data-element_type=\"section\">\n\t\t\t\t\t\t<div class=\"elementor-container elementor-column-gap-no\">\n\t\t\t\t\t<div class=\"elementor-column elementor-col-50 elementor-top-column elementor-element elementor-element-15ba83\" data-id=\"15ba83\" data-element_type=\"column\">\n\t\t\t<div class=\"elementor-widget-wrap elementor-element-populated\">\n\t\t\t\t\t\t<div class=\"elementor-element elementor-element-51cc78e3 elementor-widget elementor-widget-text-editor\" data-id=\"51cc78e3\" data-element_type=\"widget\" data-widget_type=\"text-editor.default\">\n\t\t\t\t<div class=\"elementor-widget-container\">\n\t\t\t\t\t\t\t\t\t<p>A pesquisa do comprador da casa destaca informa\u00e7\u00f5es vitais sobre uma propriedade. Inclui uma inspe\u00e7\u00e3o de todas as partes do im\u00f3vel com o objetivo de determinar o seu estado.<\/p><p>A pesquisa de um comprador de casa inclui a avalia\u00e7\u00e3o - al\u00e9m do que pode ser visto fisicamente - de todas as partes acess\u00edveis da propriedade, inspe\u00e7\u00e3o de pavimenta\u00e7\u00e3o e quaisquer outras estruturas adicionais dentro dos limites do edif\u00edcio. Inclui a inspe\u00e7\u00e3o e avalia\u00e7\u00e3o de quaisquer defeitos, como degrada\u00e7\u00e3o e umidade da madeira, que nem sempre s\u00e3o aparentes.<\/p><p>Depois de realizada esta pesquisa, voc\u00ea poder\u00e1 tomar uma decis\u00e3o bem informada sobre o im\u00f3vel que est\u00e1 interessado em adquirir.<\/p>\t\t\t\t\t\t\t\t<\/div>\n\t\t\t\t<\/div>\n\t\t\t\t<div class=\"elementor-element elementor-element-6320e9e7 elementor-widget elementor-widget-heading\" data-id=\"6320e9e7\" data-element_type=\"widget\" data-widget_type=\"heading.default\">\n\t\t\t\t<div class=\"elementor-widget-container\">\n\t\t\t\t\t<h6 class=\"elementor-heading-title elementor-size-default\">Por que preciso de uma pesquisa RICS para compradores de casas?<\/h6>\t\t\t\t<\/div>\n\t\t\t\t<\/div>\n\t\t\t\t<div class=\"elementor-element elementor-element-e4bd745 elementor-icon-list--layout-traditional elementor-list-item-link-full_width elementor-widget elementor-widget-icon-list\" data-id=\"e4bd745\" data-element_type=\"widget\" data-widget_type=\"icon-list.default\">\n\t\t\t\t<div class=\"elementor-widget-container\">\n\t\t\t\t\t\t\t<ul class=\"elementor-icon-list-items\">\n\t\t\t\t\t\t\t<li class=\"elementor-icon-list-item\">\n\t\t\t\t\t\t\t\t\t\t\t<span class=\"elementor-icon-list-icon\">\n\t\t\t\t\t\t\t<i aria-hidden=\"true\" class=\"fas fa-dot-circle\"><\/i>\t\t\t\t\t\t<\/span>\n\t\t\t\t\t\t\t\t\t\t<span class=\"elementor-icon-list-text\">Quando voc\u00ea n\u00e3o tem certeza das condi\u00e7\u00f5es da propriedade<\/span>\n\t\t\t\t\t\t\t\t\t<\/li>\n\t\t\t\t\t\t\t\t<li class=\"elementor-icon-list-item\">\n\t\t\t\t\t\t\t\t\t\t\t<span class=\"elementor-icon-list-icon\">\n\t\t\t\t\t\t\t<i aria-hidden=\"true\" class=\"fas fa-dot-circle\"><\/i>\t\t\t\t\t\t<\/span>\n\t\t\t\t\t\t\t\t\t\t<span class=\"elementor-icon-list-text\">Para avaliar a extens\u00e3o da renova\u00e7\u00e3o necess\u00e1ria<\/span>\n\t\t\t\t\t\t\t\t\t<\/li>\n\t\t\t\t\t\t\t\t<li class=\"elementor-icon-list-item\">\n\t\t\t\t\t\t\t\t\t\t\t<span class=\"elementor-icon-list-icon\">\n\t\t\t\t\t\t\t<i aria-hidden=\"true\" class=\"fas fa-dot-circle\"><\/i>\t\t\t\t\t\t<\/span>\n\t\t\t\t\t\t\t\t\t\t<span class=\"elementor-icon-list-text\">Ser capaz de negociar um pre\u00e7o mais baixo<\/span>\n\t\t\t\t\t\t\t\t\t<\/li>\n\t\t\t\t\t\t<\/ul>\n\t\t\t\t\t\t<\/div>\n\t\t\t\t<\/div>\n\t\t\t\t<div class=\"elementor-element elementor-element-f145d9a elementor-widget elementor-widget-heading\" data-id=\"f145d9a\" data-element_type=\"widget\" data-widget_type=\"heading.default\">\n\t\t\t\t<div class=\"elementor-widget-container\">\n\t\t\t\t\t<h6 class=\"elementor-heading-title elementor-size-default\">Que tipo de propriedades necessita a HomeBuyer<br>survey e report?<\/h6>\t\t\t\t<\/div>\n\t\t\t\t<\/div>\n\t\t\t\t<div class=\"elementor-element elementor-element-7b9ca937 elementor-widget elementor-widget-text-editor\" data-id=\"7b9ca937\" data-element_type=\"widget\" data-widget_type=\"text-editor.default\">\n\t\t\t\t<div class=\"elementor-widget-container\">\n\t\t\t\t\t\t\t\t\t<p>Esta pesquisa \u00e9 adequada para propriedades com menos de 100 anos, para propriedades convencionais que foram constru\u00eddas com materiais comuns e propriedades que n\u00e3o requerem altera\u00e7\u00e3o significativa. \u00c9 ideal para propriedades que parecem estar em boas condi\u00e7\u00f5es, mas n\u00e3o cumprem totalmente os regulamentos de constru\u00e7\u00e3o.<\/p>\t\t\t\t\t\t\t\t<\/div>\n\t\t\t\t<\/div>\n\t\t\t\t<div class=\"elementor-element elementor-element-7773bcbd elementor-widget elementor-widget-heading\" data-id=\"7773bcbd\" data-element_type=\"widget\" data-widget_type=\"heading.default\">\n\t\t\t\t<div class=\"elementor-widget-container\">\n\t\t\t\t\t<h6 class=\"elementor-heading-title elementor-size-default\">Quanto vai custar?<\/h6>\t\t\t\t<\/div>\n\t\t\t\t<\/div>\n\t\t\t\t<div class=\"elementor-element elementor-element-2162f813 elementor-widget elementor-widget-text-editor\" data-id=\"2162f813\" data-element_type=\"widget\" data-widget_type=\"text-editor.default\">\n\t\t\t\t<div class=\"elementor-widget-container\">\n\t\t\t\t\t\t\t\t\t<p>Nossos pre\u00e7os s\u00e3o extremamente competitivos. Todos os valores abaixo incluem o IVA.<br \/>HomeBuyer Survey House \/ Bungalow<\/p><p><strong>Pre\u00e7os a partir de:<\/strong><\/p>\t\t\t\t\t\t\t\t<\/div>\n\t\t\t\t<\/div>\n\t\t\t\t<div class=\"elementor-element elementor-element-bcb76c7 elementor-icon-list--layout-traditional elementor-list-item-link-full_width elementor-widget elementor-widget-icon-list\" data-id=\"bcb76c7\" data-element_type=\"widget\" data-widget_type=\"icon-list.default\">\n\t\t\t\t<div class=\"elementor-widget-container\">\n\t\t\t\t\t\t\t<ul class=\"elementor-icon-list-items\">\n\t\t\t\t\t\t\t<li class=\"elementor-icon-list-item\">\n\t\t\t\t\t\t\t\t\t\t\t<span class=\"elementor-icon-list-icon\">\n\t\t\t\t\t\t\t<i aria-hidden=\"true\" class=\"fas fa-dot-circle\"><\/i>\t\t\t\t\t\t<\/span>\n\t\t\t\t\t\t\t\t\t\t<span class=\"elementor-icon-list-text\">\u00a3635 para uma propriedade de 2 quartos<\/span>\n\t\t\t\t\t\t\t\t\t<\/li>\n\t\t\t\t\t\t\t\t<li class=\"elementor-icon-list-item\">\n\t\t\t\t\t\t\t\t\t\t\t<span class=\"elementor-icon-list-icon\">\n\t\t\t\t\t\t\t<i aria-hidden=\"true\" class=\"fas fa-dot-circle\"><\/i>\t\t\t\t\t\t<\/span>\n\t\t\t\t\t\t\t\t\t\t<span class=\"elementor-icon-list-text\">\u00a3685 para uma propriedade de 3 quartos<\/span>\n\t\t\t\t\t\t\t\t\t<\/li>\n\t\t\t\t\t\t\t\t<li class=\"elementor-icon-list-item\">\n\t\t\t\t\t\t\t\t\t\t\t<span class=\"elementor-icon-list-icon\">\n\t\t\t\t\t\t\t<i aria-hidden=\"true\" class=\"fas fa-dot-circle\"><\/i>\t\t\t\t\t\t<\/span>\n\t\t\t\t\t\t\t\t\t\t<span class=\"elementor-icon-list-text\">\u00a3735 para uma propriedade de 4 quartos<\/span>\n\t\t\t\t\t\t\t\t\t<\/li>\n\t\t\t\t\t\t\t\t<li class=\"elementor-icon-list-item\">\n\t\t\t\t\t\t\t\t\t\t\t<span class=\"elementor-icon-list-icon\">\n\t\t\t\t\t\t\t<i aria-hidden=\"true\" class=\"fas fa-dot-circle\"><\/i>\t\t\t\t\t\t<\/span>\n\t\t\t\t\t\t\t\t\t\t<span class=\"elementor-icon-list-text\">\u00a3785 para uma propriedade de 5 quartos<\/span>\n\t\t\t\t\t\t\t\t\t<\/li>\n\t\t\t\t\t\t<\/ul>\n\t\t\t\t\t\t<\/div>\n\t\t\t\t<\/div>\n\t\t\t\t<div class=\"elementor-element elementor-element-d0ef760 elementor-widget elementor-widget-text-editor\" data-id=\"d0ef760\" data-element_type=\"widget\" data-widget_type=\"text-editor.default\">\n\t\t\t\t<div class=\"elementor-widget-container\">\n\t\t\t\t\t\t\t\t\t<p>* Propriedades acima de \u00a3 1 milh\u00e3o s\u00e3o cobrados uma taxa maior.<\/p><p>\u00a0**Incluir uma avalia\u00e7\u00e3o para um adicional de \u00a385**<\/p><p>Reserve a pesquisa do seu comprador agora mesmo, ligando para n\u00f3s. Voc\u00ea tamb\u00e9m pode preencher o formul\u00e1rio online abaixo e entraremos em contato para confirmar a data e hora do seu agendamento. Um de nossos inspetores qualificados e experientes far\u00e1 uma inspe\u00e7\u00e3o completa da propriedade e fornecer\u00e1 a voc\u00ea um relat\u00f3rio abrangente e f\u00e1cil de entender.<\/p>\t\t\t\t\t\t\t\t<\/div>\n\t\t\t\t<\/div>\n\t\t\t\t<div class=\"elementor-element elementor-element-74d879cb elementor-widget elementor-widget-button\" data-id=\"74d879cb\" data-element_type=\"widget\" data-widget_type=\"button.default\">\n\t\t\t\t<div class=\"elementor-widget-container\">\n\t\t\t\t\t\t\t\t\t<div class=\"elementor-button-wrapper\">\n\t\t\t\t\t<a class=\"elementor-button elementor-button-link elementor-size-sm elementor-animation-grow\" href=\"#contact\">\n\t\t\t\t\t\t<span class=\"elementor-button-content-wrapper\">\n\t\t\t\t\t\t\t\t\t<span class=\"elementor-button-text\">Agende agora<\/span>\n\t\t\t\t\t<\/span>\n\t\t\t\t\t<\/a>\n\t\t\t\t<\/div>\n\t\t\t\t\t\t\t\t<\/div>\n\t\t\t\t<\/div>\n\t\t\t\t\t<\/div>\n\t\t<\/div>\n\t\t\t\t<div class=\"elementor-column elementor-col-50 elementor-top-column elementor-element elementor-element-47a6da01 elementor-invisible\" data-id=\"47a6da01\" data-element_type=\"column\" data-settings=\"{&quot;animation&quot;:&quot;fadeInRight&quot;}\">\n\t\t\t<div class=\"elementor-widget-wrap elementor-element-populated\">\n\t\t\t\t\t\t<div class=\"elementor-element elementor-element-2339b5ca elementor-widget elementor-widget-image\" data-id=\"2339b5ca\" data-element_type=\"widget\" data-widget_type=\"image.default\">\n\t\t\t\t<div class=\"elementor-widget-container\">\n\t\t\t\t\t\t\t\t\t\t\t\t\t\t\t<img fetchpriority=\"high\" decoding=\"async\" width=\"1408\" height=\"1832\" src=\"https:\/\/springboardvaluations.co.uk\/wp-content\/uploads\/2021\/05\/0-tierra-mallorca-NpTbVOkkom8-unsplash.jpg\" class=\"attachment-full size-full wp-image-334\" alt=\"\" srcset=\"https:\/\/springboardvaluations.co.uk\/wp-content\/uploads\/2021\/05\/0-tierra-mallorca-NpTbVOkkom8-unsplash.jpg 1408w, https:\/\/springboardvaluations.co.uk\/wp-content\/uploads\/2021\/05\/0-tierra-mallorca-NpTbVOkkom8-unsplash-231x300.jpg 231w, https:\/\/springboardvaluations.co.uk\/wp-content\/uploads\/2021\/05\/0-tierra-mallorca-NpTbVOkkom8-unsplash-787x1024.jpg 787w, https:\/\/springboardvaluations.co.uk\/wp-content\/uploads\/2021\/05\/0-tierra-mallorca-NpTbVOkkom8-unsplash-768x999.jpg 768w, https:\/\/springboardvaluations.co.uk\/wp-content\/uploads\/2021\/05\/0-tierra-mallorca-NpTbVOkkom8-unsplash-1181x1536.jpg 1181w\" sizes=\"(max-width: 1408px) 100vw, 1408px\" \/>\t\t\t\t\t\t\t\t\t\t\t\t\t\t\t<\/div>\n\t\t\t\t<\/div>\n\t\t\t\t\t<\/div>\n\t\t<\/div>\n\t\t\t\t\t<\/div>\n\t\t<\/section>\n\t\t\t\t<\/div>","protected":false},"excerpt":{"rendered":"<p>homebuyers survey A homebuyer\u2019s survey is performed to help you make a well-informed decision about a property you are looking to purchase. It helps you to assess whether you will be paying a fair price. It can also minimise the risk of any unexpected issues and costs that may arise in the future. The homebuyer\u2019s [&hellip;]<\/p>","protected":false},"author":1,"featured_media":0,"parent":0,"menu_order":0,"comment_status":"closed","ping_status":"closed","template":"elementor_header_footer","meta":{"_monsterinsights_skip_tracking":false,"_monsterinsights_sitenote_active":false,"_monsterinsights_sitenote_note":"","_monsterinsights_sitenote_category":0,"footnotes":""},"class_list":["post-225","page","type-page","status-publish","hentry"],"_links":{"self":[{"href":"https:\/\/springboardvaluations.co.uk\/pt\/wp-json\/wp\/v2\/pages\/225","targetHints":{"allow":["GET"]}}],"collection":[{"href":"https:\/\/springboardvaluations.co.uk\/pt\/wp-json\/wp\/v2\/pages"}],"about":[{"href":"https:\/\/springboardvaluations.co.uk\/pt\/wp-json\/wp\/v2\/types\/page"}],"author":[{"embeddable":true,"href":"https:\/\/springboardvaluations.co.uk\/pt\/wp-json\/wp\/v2\/users\/1"}],"replies":[{"embeddable":true,"href":"https:\/\/springboardvaluations.co.uk\/pt\/wp-json\/wp\/v2\/comments?post=225"}],"version-history":[{"count":73,"href":"https:\/\/springboardvaluations.co.uk\/pt\/wp-json\/wp\/v2\/pages\/225\/revisions"}],"predecessor-version":[{"id":1121,"href":"https:\/\/springboardvaluations.co.uk\/pt\/wp-json\/wp\/v2\/pages\/225\/revisions\/1121"}],"wp:attachment":[{"href":"https:\/\/springboardvaluations.co.uk\/pt\/wp-json\/wp\/v2\/media?parent=225"}],"curies":[{"name":"wp","href":"https:\/\/api.w.org\/{rel}","templated":true}]}}