{"id":475,"date":"2021-05-11T17:09:25","date_gmt":"2021-05-11T16:09:25","guid":{"rendered":"http:\/\/www.sourcegrafik.com\/demo02\/?page_id=475"},"modified":"2021-08-24T10:27:00","modified_gmt":"2021-08-24T09:27:00","slug":"pricing","status":"publish","type":"page","link":"https:\/\/springboardvaluations.co.uk\/pt\/pricing\/","title":{"rendered":"Pre\u00e7os"},"content":{"rendered":"<div data-elementor-type=\"wp-page\" data-elementor-id=\"475\" class=\"elementor elementor-475\" data-elementor-post-type=\"page\">\n\t\t\t\t\t\t<section class=\"elementor-section elementor-top-section elementor-element elementor-element-161474b0 elementor-section-full_width elementor-section-height-default elementor-section-height-default\" data-id=\"161474b0\" data-element_type=\"section\" data-settings=\"{&quot;background_background&quot;:&quot;classic&quot;}\">\n\t\t\t\t\t\t\t<div class=\"elementor-background-overlay\"><\/div>\n\t\t\t\t\t\t\t<div class=\"elementor-container elementor-column-gap-default\">\n\t\t\t\t\t<div class=\"elementor-column elementor-col-100 elementor-top-column elementor-element elementor-element-4b7b6ee3\" data-id=\"4b7b6ee3\" data-element_type=\"column\">\n\t\t\t<div class=\"elementor-widget-wrap elementor-element-populated\">\n\t\t\t\t\t\t<div class=\"elementor-element elementor-element-330eaaf2 eael-dual-header-content-align-center elementor-widget elementor-widget-eael-dual-color-header\" data-id=\"330eaaf2\" data-element_type=\"widget\" data-widget_type=\"eael-dual-color-header.default\">\n\t\t\t\t<div class=\"elementor-widget-container\">\n\t\t\t\t\t\t\t\t<div class=\"eael-dual-header\">\n\t\t\t\t<h2 class=\"title eael-dch-title\"><span class=\"eael-dch-title-text eael-dch-title-lead lead solid-color\">Our<\/span> <span class=\"eael-dch-title-text\">pricing<\/span><\/h2><div class=\"eael-dch-separator-wrap\"><span class=\"separator-one\"><\/span>\n\t\t\t<span class=\"separator-two\"><\/span><\/div>\t\t\t\t\t<span class=\"subtext\">Voc\u00ea descobrir\u00e1 que nosso pre\u00e7o \u00e9 extremamente competitivo. Nosso objetivo \u00e9 fornecer o servi\u00e7o de alta qualidade que voc\u00ea esperaria de um<br>Agrimensor registrado RICS a pre\u00e7os acess\u00edveis e excelente valor para o dinheiro<\/span>\n\t\t\t\t\t\t\t<\/div>\n\n\t\t\t\t\t\t<\/div>\n\t\t\t\t<\/div>\n\t\t\t\t\t<\/div>\n\t\t<\/div>\n\t\t\t\t\t<\/div>\n\t\t<\/section>\n\t\t\t\t<section class=\"elementor-section elementor-top-section elementor-element elementor-element-32669c40 elementor-section-content-middle elementor-section-boxed elementor-section-height-default elementor-section-height-default\" data-id=\"32669c40\" data-element_type=\"section\">\n\t\t\t\t\t\t<div class=\"elementor-container elementor-column-gap-no\">\n\t\t\t\t\t<div class=\"elementor-column elementor-col-50 elementor-top-column elementor-element elementor-element-36e202eb elementor-hidden-phone\" data-id=\"36e202eb\" data-element_type=\"column\">\n\t\t\t<div class=\"elementor-widget-wrap elementor-element-populated\">\n\t\t\t\t\t\t<div class=\"elementor-element elementor-element-56118dfb elementor-widget elementor-widget-image\" data-id=\"56118dfb\" data-element_type=\"widget\" data-widget_type=\"image.default\">\n\t\t\t\t<div class=\"elementor-widget-container\">\n\t\t\t\t\t\t\t\t\t\t\t\t\t\t\t<img fetchpriority=\"high\" decoding=\"async\" width=\"1000\" height=\"657\" src=\"https:\/\/springboardvaluations.co.uk\/wp-content\/uploads\/2021\/05\/house-diagram2.jpg\" class=\"attachment-full size-full wp-image-561\" alt=\"\" srcset=\"https:\/\/springboardvaluations.co.uk\/wp-content\/uploads\/2021\/05\/house-diagram2.jpg 1000w, https:\/\/springboardvaluations.co.uk\/wp-content\/uploads\/2021\/05\/house-diagram2-300x197.jpg 300w, https:\/\/springboardvaluations.co.uk\/wp-content\/uploads\/2021\/05\/house-diagram2-768x505.jpg 768w\" sizes=\"(max-width: 1000px) 100vw, 1000px\" \/>\t\t\t\t\t\t\t\t\t\t\t\t\t\t\t<\/div>\n\t\t\t\t<\/div>\n\t\t\t\t\t<\/div>\n\t\t<\/div>\n\t\t\t\t<div class=\"elementor-column elementor-col-50 elementor-top-column elementor-element elementor-element-70a6bd87\" data-id=\"70a6bd87\" data-element_type=\"column\">\n\t\t\t<div class=\"elementor-widget-wrap elementor-element-populated\">\n\t\t\t\t\t\t<div class=\"elementor-element elementor-element-a2c5f59 elementor-blockquote--skin-border elementor-blockquote--button-color-official elementor-widget elementor-widget-blockquote\" data-id=\"a2c5f59\" data-element_type=\"widget\" data-widget_type=\"blockquote.default\">\n\t\t\t\t<div class=\"elementor-widget-container\">\n\t\t\t\t\t\t\t<blockquote class=\"elementor-blockquote\">\n\t\t\t<p class=\"elementor-blockquote__content\">\n\t\t\t\tUm relat\u00f3rio do HomeBuyer feito por um avaliador qualificado da RICS ajudar\u00e1 voc\u00ea a entender o que voc\u00ea est\u00e1 realmente comprando.\t\t\t<\/p>\n\t\t\t\t\t<\/blockquote>\n\t\t\t\t\t\t<\/div>\n\t\t\t\t<\/div>\n\t\t\t\t<div class=\"elementor-element elementor-element-65997b7f elementor-widget elementor-widget-text-editor\" data-id=\"65997b7f\" data-element_type=\"widget\" data-widget_type=\"text-editor.default\">\n\t\t\t\t<div class=\"elementor-widget-container\">\n\t\t\t\t\t\t\t\t\t<p>O relat\u00f3rio do comprador inclui a avalia\u00e7\u00e3o de todas as partes acess\u00edveis da propriedade, inspe\u00e7\u00e3o da pavimenta\u00e7\u00e3o e quaisquer outras estruturas adicionais dentro dos limites do edif\u00edcio. Inclui a inspe\u00e7\u00e3o e avalia\u00e7\u00e3o de quaisquer defeitos, como degrada\u00e7\u00e3o e umidade da madeira, que nem sempre s\u00e3o aparentes. Assim que tiver esse relat\u00f3rio, voc\u00ea poder\u00e1 tomar uma decis\u00e3o bem informada sobre o im\u00f3vel que est\u00e1 comprando.<\/p>\t\t\t\t\t\t\t\t<\/div>\n\t\t\t\t<\/div>\n\t\t\t\t\t<\/div>\n\t\t<\/div>\n\t\t\t\t\t<\/div>\n\t\t<\/section>\n\t\t\t\t<section class=\"elementor-section elementor-top-section elementor-element elementor-element-538df7b elementor-section-boxed elementor-section-height-default elementor-section-height-default\" data-id=\"538df7b\" data-element_type=\"section\">\n\t\t\t\t\t\t<div class=\"elementor-container elementor-column-gap-default\">\n\t\t\t\t\t<div class=\"elementor-column elementor-col-33 elementor-top-column elementor-element elementor-element-6836cd4\" data-id=\"6836cd4\" data-element_type=\"column\">\n\t\t\t<div class=\"elementor-widget-wrap elementor-element-populated\">\n\t\t\t\t\t\t<div class=\"elementor-element elementor-element-1d3dc2ec eael-pricing-content-align-center eael-pricing-button-align-center elementor-widget elementor-widget-eael-pricing-table\" data-id=\"1d3dc2ec\" data-element_type=\"widget\" data-widget_type=\"eael-pricing-table.default\">\n\t\t\t\t<div class=\"elementor-widget-container\">\n\t\t\t\t\t    <div class=\"eael-pricing style-2\">\n                    <div class=\"eael-pricing-item\">\n                <div class=\"eael-pricing-icon\">\n                    <span class=\"icon\" style=\"background:;\">\n                        <i class=\"fas fa-key\"><\/i>                    <\/span>\n                <\/div>\n                <div class=\"header\">\n                    <h2 class=\"title\">PESQUISA DE COMPRADORES DE CASA<\/h2><span class=\"subtitle\">Casa \/ Bungalow<br>Pre\u00e7os a partir de:<\/span>                <\/div>\n                <div class=\"eael-pricing-tag\">\n                    <span class=\"price-tag\"><span class=\"original-price\"><span class=\"price-currency\"><strong>\u00a3<\/strong><\/span><strong>635<\/strong><\/span><\/span><span class=\"price-period\">-for up to 2 bed property<\/span>                <\/div>\n                <div class=\"body\">\n                            <ul>\n                            <li class=\"eael-pricing-item-feature elementor-repeater-item-08e556f\">\n                    \n                    \n                    <span ><strong>\u00a3685<\/strong> - para propriedade com 3 quartos<\/span>\n                    \n                     \n                <\/li>\n                            <li class=\"eael-pricing-item-feature elementor-repeater-item-188e796\">\n                    \n                    \n                    <span ><strong>\u00a3735<\/strong> - para propriedade com 4 camas<\/span>\n                    \n                     \n                <\/li>\n                            <li class=\"eael-pricing-item-feature elementor-repeater-item-66139ce\">\n                    \n                    \n                    <span ><strong>\u00a3785<\/strong> - para propriedade com 5 quartos<\/span>\n                    \n                     \n                <\/li>\n                            <li class=\"eael-pricing-item-feature elementor-repeater-item-8b36b1e\">\n                    \n                    \n                    <span >Propriedades acima de \u00a3 1 milh\u00e3o s\u00e3o<br> cobrado a uma taxa mais alta.<\/span>\n                    \n                     \n                <\/li>\n                            <li class=\"eael-pricing-item-feature elementor-repeater-item-d369e67\">\n                    \n                    \n                    <span >Incluir uma avalia\u00e7\u00e3o para um adicional de \u00a385<\/span>\n                    \n                     \n                <\/li>\n                            <li class=\"eael-pricing-item-feature elementor-repeater-item-eade700\">\n                    \n                    \n                    <span >Todos os pre\u00e7os incluem IVA<\/span>\n                    \n                     \n                <\/li>\n                    <\/ul>\n                    <\/div>\n                                <div class=\"footer\">\n                    <a class=\"eael-pricing-button\" href=\"http:\/\/springboardvaluations.co.uk\/pt\/homebuyers-survey\/\" >\n                                                                                Escolha a pesquisa                                            <\/a>\n                <\/div>\n                            <\/div>\n                    <\/div>\n    \t\t\t\t<\/div>\n\t\t\t\t<\/div>\n\t\t\t\t\t<\/div>\n\t\t<\/div>\n\t\t\t\t<div class=\"elementor-column elementor-col-33 elementor-top-column elementor-element elementor-element-a05c7fe\" data-id=\"a05c7fe\" data-element_type=\"column\">\n\t\t\t<div class=\"elementor-widget-wrap elementor-element-populated\">\n\t\t\t\t\t\t<div class=\"elementor-element elementor-element-e7ad1f4 eael-pricing-content-align-center eael-pricing-button-align-center elementor-widget elementor-widget-eael-pricing-table\" data-id=\"e7ad1f4\" data-element_type=\"widget\" data-widget_type=\"eael-pricing-table.default\">\n\t\t\t\t<div class=\"elementor-widget-container\">\n\t\t\t\t\t    <div class=\"eael-pricing style-2\">\n                    <div class=\"eael-pricing-item\">\n                <div class=\"eael-pricing-icon\">\n                    <span class=\"icon\" style=\"background:;\">\n                        <i class=\"fas fa-key\"><\/i>                    <\/span>\n                <\/div>\n                <div class=\"header\">\n                    <h2 class=\"title\">PESQUISA DE COMPRADORES DE CASA<\/h2><span class=\"subtitle\">Apartamento<br>Pre\u00e7os a partir de:<\/span>                <\/div>\n                <div class=\"eael-pricing-tag\">\n                    <span class=\"price-tag\"><span class=\"original-price\"><span class=\"price-currency\"><strong>\u00a3<\/strong><\/span><strong>585<\/strong><\/span><\/span><span class=\"price-period\">-for up to 2 bed property<\/span>                <\/div>\n                <div class=\"body\">\n                            <ul>\n                            <li class=\"eael-pricing-item-feature elementor-repeater-item-08e556f\">\n                    \n                    \n                    <span ><strong>\u00a3635<\/strong> - para propriedade com 3 quartos<\/span>\n                    \n                     \n                <\/li>\n                            <li class=\"eael-pricing-item-feature elementor-repeater-item-188e796\">\n                    \n                    \n                    <span ><strong>\u00a3685<\/strong> - para propriedade com 4 camas<\/span>\n                    \n                     \n                <\/li>\n                            <li class=\"eael-pricing-item-feature elementor-repeater-item-66139ce\">\n                    \n                    \n                    <span ><strong>\u00a3735<\/strong> - para propriedade com 5 quartos<\/span>\n                    \n                     \n                <\/li>\n                            <li class=\"eael-pricing-item-feature elementor-repeater-item-8b36b1e\">\n                    \n                    \n                    <span >Propriedades acima de \u00a3 1 milh\u00e3o s\u00e3o<br> cobrado a uma taxa mais alta.<\/span>\n                    \n                     \n                <\/li>\n                            <li class=\"eael-pricing-item-feature elementor-repeater-item-d369e67\">\n                    \n                    \n                    <span >Incluir uma avalia\u00e7\u00e3o para um adicional de \u00a385<\/span>\n                    \n                     \n                <\/li>\n                            <li class=\"eael-pricing-item-feature elementor-repeater-item-eade700\">\n                    \n                    \n                    <span >Todos os pre\u00e7os incluem IVA<\/span>\n                    \n                     \n                <\/li>\n                    <\/ul>\n                    <\/div>\n                                <div class=\"footer\">\n                    <a class=\"eael-pricing-button\" href=\"http:\/\/springboardvaluations.co.uk\/pt\/homebuyers-survey\/\" >\n                                                                                Escolha a pesquisa                                            <\/a>\n                <\/div>\n                            <\/div>\n                    <\/div>\n    \t\t\t\t<\/div>\n\t\t\t\t<\/div>\n\t\t\t\t\t<\/div>\n\t\t<\/div>\n\t\t\t\t<div class=\"elementor-column elementor-col-33 elementor-top-column elementor-element elementor-element-cb7bfa6\" data-id=\"cb7bfa6\" data-element_type=\"column\">\n\t\t\t<div class=\"elementor-widget-wrap elementor-element-populated\">\n\t\t\t\t\t\t<div class=\"elementor-element elementor-element-275e959 eael-pricing-content-align-center eael-pricing-button-align-center elementor-widget elementor-widget-eael-pricing-table\" data-id=\"275e959\" data-element_type=\"widget\" data-widget_type=\"eael-pricing-table.default\">\n\t\t\t\t<div class=\"elementor-widget-container\">\n\t\t\t\t\t    <div class=\"eael-pricing style-2\">\n                    <div class=\"eael-pricing-item\">\n                <div class=\"eael-pricing-icon\">\n                    <span class=\"icon\" style=\"background:;\">\n                        <i class=\"fas fa-building\"><\/i>                    <\/span>\n                <\/div>\n                <div class=\"header\">\n                    <h2 class=\"title\">PESQUISA DE EDIF\u00cdCIOS<\/h2><span class=\"subtitle\">Para propriedades relativamente mais antigas<br>ou precisando de uma grande reforma<br>Pre\u00e7os a partir de:<\/span>                <\/div>\n                <div class=\"eael-pricing-tag\">\n                    <span class=\"price-tag\"><span class=\"original-price\"><span class=\"price-currency\"><strong>\u00a3<\/strong><\/span><strong>785<\/strong><\/span><\/span><span class=\"price-period\">-for up to 2 bed property<\/span>                <\/div>\n                <div class=\"body\">\n                            <ul>\n                            <li class=\"eael-pricing-item-feature elementor-repeater-item-08e556f\">\n                    \n                    \n                    <span ><strong>\u00a3855<\/strong> - para propriedade com 3 quartos<\/span>\n                    \n                     \n                <\/li>\n                            <li class=\"eael-pricing-item-feature elementor-repeater-item-188e796\">\n                    \n                    \n                    <span ><strong>\u00a3935<\/strong> - para propriedade com 4 camas<\/span>\n                    \n                     \n                <\/li>\n                            <li class=\"eael-pricing-item-feature elementor-repeater-item-66139ce\">\n                    \n                    \n                    <span ><strong>\u00a31035<\/strong> - para propriedade com 5 quartos<\/span>\n                    \n                     \n                <\/li>\n                            <li class=\"eael-pricing-item-feature elementor-repeater-item-8b36b1e\">\n                    \n                    \n                    <span >Propriedades acima de \u00a3 1 milh\u00e3o s\u00e3o<br> cobrado a uma taxa mais alta.<\/span>\n                    \n                     \n                <\/li>\n                            <li class=\"eael-pricing-item-feature elementor-repeater-item-eade700\">\n                    \n                    \n                    <span >Incluir uma avalia\u00e7\u00e3o para um adicional de \u00a399<\/span>\n                    \n                     \n                <\/li>\n                            <li class=\"eael-pricing-item-feature elementor-repeater-item-d59674a\">\n                    \n                    \n                    <span >Todos os pre\u00e7os incluem IVA<\/span>\n                    \n                     \n                <\/li>\n                    <\/ul>\n                    <\/div>\n                                <div class=\"footer\">\n                    <a class=\"eael-pricing-button\" href=\"http:\/\/springboardvaluations.co.uk\/pt\/building-survey\/\" >\n                                                                                Escolha a pesquisa                                            <\/a>\n                <\/div>\n                            <\/div>\n                    <\/div>\n    \t\t\t\t<\/div>\n\t\t\t\t<\/div>\n\t\t\t\t\t<\/div>\n\t\t<\/div>\n\t\t\t\t\t<\/div>\n\t\t<\/section>\n\t\t\t\t<section class=\"elementor-section elementor-top-section elementor-element elementor-element-77edc791 elementor-section-boxed elementor-section-height-default elementor-section-height-default\" data-id=\"77edc791\" data-element_type=\"section\">\n\t\t\t\t\t\t<div class=\"elementor-container elementor-column-gap-default\">\n\t\t\t\t\t<div class=\"elementor-column elementor-col-33 elementor-top-column elementor-element elementor-element-276759a4\" data-id=\"276759a4\" data-element_type=\"column\">\n\t\t\t<div class=\"elementor-widget-wrap elementor-element-populated\">\n\t\t\t\t\t\t<div class=\"elementor-element elementor-element-24741d26 eael-pricing-content-align-center eael-pricing-button-align-center elementor-widget elementor-widget-eael-pricing-table\" data-id=\"24741d26\" data-element_type=\"widget\" data-widget_type=\"eael-pricing-table.default\">\n\t\t\t\t<div class=\"elementor-widget-container\">\n\t\t\t\t\t    <div class=\"eael-pricing style-2\">\n                    <div class=\"eael-pricing-item\">\n                <div class=\"eael-pricing-icon\">\n                    <span class=\"icon\" style=\"background:;\">\n                        <i class=\"fas fa-home\"><\/i>                    <\/span>\n                <\/div>\n                <div class=\"header\">\n                    <h2 class=\"title\">AVALIA\u00c7\u00d5ES DE IM\u00d3VEIS<\/h2><span class=\"subtitle\">Para calcular o valor justo da propriedade.<br>Pre\u00e7os a partir de:<\/span>                <\/div>\n                <div class=\"eael-pricing-tag\">\n                    <span class=\"price-tag\"><span class=\"original-price\"><span class=\"price-currency\"><strong>\u00a3<\/strong><\/span><strong>345<\/strong><\/span><\/span><span class=\"price-period\">-for up to 2 bed property<\/span>                <\/div>\n                <div class=\"body\">\n                            <ul>\n                            <li class=\"eael-pricing-item-feature elementor-repeater-item-08e556f\">\n                    \n                    \n                    <span ><strong>\u00a3365 <\/strong> - para propriedade com 3 quartos<\/span>\n                    \n                     \n                <\/li>\n                            <li class=\"eael-pricing-item-feature elementor-repeater-item-188e796\">\n                    \n                    \n                    <span ><strong>\u00a3399<\/strong> - para propriedade com 4 camas<\/span>\n                    \n                     \n                <\/li>\n                            <li class=\"eael-pricing-item-feature elementor-repeater-item-66139ce\">\n                    \n                    \n                    <span data-content=\"I&#039;m a awesome tooltip!!\" class=\"eael-pricing-tooltip\" id=\"24741d262\" data-side=\"top\" data-trigger=\"hover\" data-animation=\"fade\" data-animation_duration=\"300\" data-arrow=\"yes\" data-theme=\"noir\"><strong>\u00a3445<\/strong> - para propriedade com 5 quartos<\/span>\n                    \n                     \n                <\/li>\n                            <li class=\"eael-pricing-item-feature elementor-repeater-item-8b36b1e\">\n                    \n                    \n                    <span >Propriedades acima de \u00a3 1 milh\u00e3o s\u00e3o<br> cobrado a uma taxa mais alta.<\/span>\n                    \n                     \n                <\/li>\n                            <li class=\"eael-pricing-item-feature elementor-repeater-item-eade700\">\n                    \n                    \n                    <span >Todos os pre\u00e7os incluem IVA<\/span>\n                    \n                     \n                <\/li>\n                    <\/ul>\n                    <\/div>\n                                <div class=\"footer\">\n                    <a class=\"eael-pricing-button\" href=\"http:\/\/springboardvaluations.co.uk\/pt\/property-valuation\/\" >\n                                                                                Escolha a pesquisa                                            <\/a>\n                <\/div>\n                            <\/div>\n                    <\/div>\n    \t\t\t\t<\/div>\n\t\t\t\t<\/div>\n\t\t\t\t\t<\/div>\n\t\t<\/div>\n\t\t\t\t<div class=\"elementor-column elementor-col-33 elementor-top-column elementor-element elementor-element-17f09998\" data-id=\"17f09998\" data-element_type=\"column\">\n\t\t\t<div class=\"elementor-widget-wrap elementor-element-populated\">\n\t\t\t\t\t\t<div class=\"elementor-element elementor-element-3b79b6e eael-pricing-content-align-center eael-pricing-button-align-center elementor-widget elementor-widget-eael-pricing-table\" data-id=\"3b79b6e\" data-element_type=\"widget\" data-widget_type=\"eael-pricing-table.default\">\n\t\t\t\t<div class=\"elementor-widget-container\">\n\t\t\t\t\t    <div class=\"eael-pricing style-2\">\n                    <div class=\"eael-pricing-item\">\n                <div class=\"eael-pricing-icon\">\n                    <span class=\"icon\" style=\"background:;\">\n                        <i class=\"fas fa-hands-helping\"><\/i>                    <\/span>\n                <\/div>\n                <div class=\"header\">\n                    <h2 class=\"title\">CASA COMPARTILHADA E<br>AJUDA PARA COMPRAR<\/h2><span class=\"subtitle\">Pre\u00e7os a partir de:<\/span>                <\/div>\n                <div class=\"eael-pricing-tag\">\n                    <span class=\"price-tag\"><span class=\"original-price\"><span class=\"price-currency\"><strong>\u00a3<\/strong><\/span><strong>285<\/strong><\/span><\/span><span class=\"price-period\">-for up to 2 bed property<\/span>                <\/div>\n                <div class=\"body\">\n                            <ul>\n                            <li class=\"eael-pricing-item-feature elementor-repeater-item-08e556f\">\n                    \n                    \n                    <span ><strong>\u00a3305<\/strong> - para propriedade com 3 quartos<\/span>\n                    \n                     \n                <\/li>\n                            <li class=\"eael-pricing-item-feature elementor-repeater-item-188e796\">\n                    \n                    \n                    <span ><strong>\u00a3345<\/strong> - para propriedade com 4 camas<\/span>\n                    \n                     \n                <\/li>\n                            <li class=\"eael-pricing-item-feature elementor-repeater-item-66139ce\">\n                    \n                    \n                    <span ><strong>\u00a3375<\/strong> - para propriedade com 5 quartos<\/span>\n                    \n                     \n                <\/li>\n                            <li class=\"eael-pricing-item-feature elementor-repeater-item-8b36b1e\">\n                    \n                    \n                    <span >Todos os pre\u00e7os incluem IVA<\/span>\n                    \n                     \n                <\/li>\n                    <\/ul>\n                    <\/div>\n                                <div class=\"footer\">\n                    <a class=\"eael-pricing-button\" href=\"http:\/\/springboardvaluations.co.uk\/pt\/help-to-buy-valuation\/\" >\n                                                                                Escolha a pesquisa                                            <\/a>\n                <\/div>\n                            <\/div>\n                    <\/div>\n    \t\t\t\t<\/div>\n\t\t\t\t<\/div>\n\t\t\t\t\t<\/div>\n\t\t<\/div>\n\t\t\t\t<div class=\"elementor-column elementor-col-33 elementor-top-column elementor-element elementor-element-88733d2\" data-id=\"88733d2\" data-element_type=\"column\">\n\t\t\t<div class=\"elementor-widget-wrap\">\n\t\t\t\t\t\t\t<\/div>\n\t\t<\/div>\n\t\t\t\t\t<\/div>\n\t\t<\/section>\n\t\t\t\t<\/div>","protected":false},"excerpt":{"rendered":"<p>Our pricing You will find that our pricing is extremely competitive. We aim to deliver the top-quality service you would expect from aRICS-registered surveyor at affordable prices and excellent value for money A HomeBuyer report by a qualified RICS surveyor will help you understand what you are really buying. A homebuyer report includes the assessment [&hellip;]<\/p>","protected":false},"author":1,"featured_media":0,"parent":0,"menu_order":0,"comment_status":"closed","ping_status":"closed","template":"elementor_header_footer","meta":{"_monsterinsights_skip_tracking":false,"_monsterinsights_sitenote_active":false,"_monsterinsights_sitenote_note":"","_monsterinsights_sitenote_category":0,"footnotes":""},"class_list":["post-475","page","type-page","status-publish","hentry"],"_links":{"self":[{"href":"https:\/\/springboardvaluations.co.uk\/pt\/wp-json\/wp\/v2\/pages\/475","targetHints":{"allow":["GET"]}}],"collection":[{"href":"https:\/\/springboardvaluations.co.uk\/pt\/wp-json\/wp\/v2\/pages"}],"about":[{"href":"https:\/\/springboardvaluations.co.uk\/pt\/wp-json\/wp\/v2\/types\/page"}],"author":[{"embeddable":true,"href":"https:\/\/springboardvaluations.co.uk\/pt\/wp-json\/wp\/v2\/users\/1"}],"replies":[{"embeddable":true,"href":"https:\/\/springboardvaluations.co.uk\/pt\/wp-json\/wp\/v2\/comments?post=475"}],"version-history":[{"count":77,"href":"https:\/\/springboardvaluations.co.uk\/pt\/wp-json\/wp\/v2\/pages\/475\/revisions"}],"predecessor-version":[{"id":1090,"href":"https:\/\/springboardvaluations.co.uk\/pt\/wp-json\/wp\/v2\/pages\/475\/revisions\/1090"}],"wp:attachment":[{"href":"https:\/\/springboardvaluations.co.uk\/pt\/wp-json\/wp\/v2\/media?parent=475"}],"curies":[{"name":"wp","href":"https:\/\/api.w.org\/{rel}","templated":true}]}}